{"id":42,"date":"2023-06-28T14:26:33","date_gmt":"2023-06-28T14:26:33","guid":{"rendered":"https:\/\/www.artisanbeton.fr\/blog\/?page_id=42"},"modified":"2023-10-01T16:35:50","modified_gmt":"2023-10-01T16:35:50","slug":"contacter","status":"publish","type":"page","link":"https:\/\/www.artisanbeton.fr\/blog\/contacter\/","title":{"rendered":"Contacter"},"content":{"rendered":"<p>Demandez un devis gratuit et sans engagement pour le\u00a0<a href=\"https:\/\/www.artisanbeton.fr\/beton-desactive.html\">b\u00e9ton d\u00e9sactiv\u00e9<\/a>,\u00a0<a href=\"https:\/\/www.artisanbeton.fr\/beton-imprime.html\">b\u00e9ton imprim\u00e9<\/a>\u00a0et\u00a0<a href=\"https:\/\/www.artisanbeton.fr\/sols-industriels.html\">sol industriel<\/a>, b\u00e9ton bouchard\u00e9, b\u00e9ton liss\u00e9, b\u00e9ton drainant, b\u00e9ton matric\u00e9 et plus.<\/p>\n<div class=\"row\">\n<div class=\"col-lg-6\">\n<p class=\"phone-me\">T\u00e9l\u00e9phone:\u00a0<a href=\"tel:0752516911\" rel=\"nofollow\">0752-516-911<\/a><\/p>\n<\/div>\n<div class=\"col-lg-6\">\n<p>Garantie d\u00e9cennale pour chaque projet.<\/p>\n<\/div>\n<\/div>\n<ul>\n<li>contact[@]artisanbeton.fr<\/li>\n<li>Applicateur agr\u00e9e Lafarge B\u00e9tons, R\u00e9seau Pro Artevia, Agence IDF!<\/li>\n<li>Applicateur agr\u00e9e Eqiom B\u00e9ton, R\u00e9seau Pro CSB<\/li>\n<li>SIRET: 81973068000025<\/li>\n<li>Demandez un devis gratuit et sans engagement.<\/li>\n<li>Nous travaillons partout en France.<\/li>\n<\/ul>\n<div class='fluentform ff-default fluentform_wrapper_1 ffs_default_wrap'><form data-form_id=\"1\" id=\"fluentform_1\" class=\"frm-fluent-form fluent_form_1 ff-el-form-top ff_form_instance_1_1 ff-form-loading ff_has_v3_recptcha ffs_default\" data-form_instance=\"ff_form_instance_1_1\" method=\"POST\" data-recptcha_key=\"6LcWz9omAAAAABIH3Cn0SOobQYkM74l81NQ6iiKB\" ><fieldset  style=\"border: none!important;margin: 0!important;padding: 0!important;background-color: transparent!important;box-shadow: none!important;outline: none!important; min-inline-size: 100%;\">\n                    <legend class=\"ff_screen_reader_title\" style=\"display: block; margin: 0!important;padding: 0!important;height: 0!important;text-indent: -999999px;width: 0!important;overflow:hidden;\">Contact Form Demo<\/legend><input type='hidden' name='__fluent_form_embded_post_id' value='42' \/><input type=\"hidden\" id=\"_fluentform_1_fluentformnonce\" name=\"_fluentform_1_fluentformnonce\" value=\"c902394d7c\" \/><input type=\"hidden\" name=\"_wp_http_referer\" value=\"\/blog\/wp-json\/wp\/v2\/pages\/42\" \/><div data-type=\"name-element\" data-name=\"names\" class=\" ff-field_container ff-name-field-wrapper\" ><div class='ff-t-container'><div class='ff-t-cell '><div class='ff-el-group'><div class=\"ff-el-input--label ff-el-is-required asterisk-right\"><label for='ff_1_names_first_name_' >Votre nom<\/label><\/div><div class='ff-el-input--content'><input type=\"text\" name=\"names[first_name]\" id=\"ff_1_names_first_name_\" class=\"ff-el-form-control\" placeholder=\"Votre nom\" aria-invalid=\"false\" aria-required=true><\/div><\/div><\/div><\/div><\/div><div class='ff-el-group'><div class=\"ff-el-input--label ff-el-is-required asterisk-right\"><label for='ff_1_email' aria-label=\"Votre Email\">Votre Email<\/label><\/div><div class='ff-el-input--content'><input type=\"email\" name=\"email\" id=\"ff_1_email\" class=\"ff-el-form-control\" placeholder=\"Email Address\" data-name=\"email\"  aria-invalid=\"false\" aria-required=true><\/div><\/div><div class='ff-el-group'><div class=\"ff-el-input--label ff-el-is-required asterisk-right\"><label for='ff_1_dropdown' aria-label=\"Quel type de beton?\">Quel type de beton?<\/label><\/div><div class='ff-el-input--content'><select name=\"dropdown\" id=\"ff_1_dropdown\" class=\"ff-el-form-control\" data-name=\"dropdown\" data-calc_value=\"0\"  aria-invalid=\"false\" aria-required=true><option value=\"\">- Type de beton -<\/option><option value=\"Beton imprime\"  >Beton imprime<\/option><option value=\"Beton desactive\"  >Beton desactive<\/option><option value=\"Beton drainant\"  >Beton drainant<\/option><option value=\"Beton estampe\"  >Beton estampe<\/option><option value=\"Beton brosse\"  >Beton brosse<\/option><option value=\"Beton clasique\"  >Beton clasique<\/option><option value=\"Autre type\"  >Autre type<\/option><\/select><\/div><\/div><div class='ff-el-group'><div class=\"ff-el-input--label ff-el-is-required asterisk-right\"><label for='ff_1_subject' aria-label=\"Votre portable\">Votre portable<\/label><\/div><div class='ff-el-input--content'><input type=\"text\" name=\"subject\" class=\"ff-el-form-control\" placeholder=\"Votre portable\" data-name=\"subject\" id=\"ff_1_subject\"  aria-invalid=\"false\" aria-required=true><\/div><\/div><div class='ff-el-group'><div class=\"ff-el-input--label ff-el-is-required asterisk-right\"><label for='ff_1_subject_1' aria-label=\"Ville \/ Code postal\">Ville \/ Code postal<\/label><\/div><div class='ff-el-input--content'><input type=\"text\" name=\"subject_1\" class=\"ff-el-form-control\" placeholder=\"Ville \/ Code postal\" data-name=\"subject_1\" id=\"ff_1_subject_1\"  aria-invalid=\"false\" aria-required=true><\/div><\/div><div class='ff-el-group'><div class=\"ff-el-input--label ff-el-is-required asterisk-right\"><label for='ff_1_message' aria-label=\"Votre demande\">Votre demande<\/label><\/div><div class='ff-el-input--content'><textarea aria-invalid=\"false\" aria-required=true name=\"message\" id=\"ff_1_message\" class=\"ff-el-form-control\" placeholder=\"Votre demande\" rows=\"4\" cols=\"2\" data-name=\"message\" ><\/textarea><\/div><\/div><div class='ff-el-group ff-text-left ff_submit_btn_wrapper'><button type=\"submit\" class=\"ff-btn ff-btn-submit ff-btn-lg ff_btn_style\" >Envoyer<\/button><\/div><\/fieldset><\/form><div id='fluentform_1_errors' class='ff-errors-in-stack ff_form_instance_1_1 ff-form-loading_errors ff_form_instance_1_1_errors'><\/div><\/div>        <script type=\"text\/javascript\">\n            window.fluent_form_ff_form_instance_1_1 = {\"id\":\"1\",\"settings\":{\"layout\":{\"labelPlacement\":\"top\",\"helpMessagePlacement\":\"with_label\",\"errorMessagePlacement\":\"inline\",\"cssClassName\":\"\",\"asteriskPlacement\":\"asterisk-right\"},\"restrictions\":{\"denyEmptySubmission\":{\"enabled\":false}}},\"form_instance\":\"ff_form_instance_1_1\",\"form_id_selector\":\"fluentform_1\",\"rules\":{\"names[first_name]\":{\"required\":{\"value\":true,\"message\":\"Ce champ est obligatoire\"}},\"names[middle_name]\":{\"required\":{\"value\":false,\"message\":\"This field is required\"}},\"names[last_name]\":{\"required\":{\"value\":false,\"message\":\"This field is required\"}},\"email\":{\"required\":{\"value\":true,\"message\":\"This field is required\"},\"email\":{\"value\":true,\"message\":\"This field must contain a valid email\"}},\"dropdown\":{\"required\":{\"value\":true,\"message\":\"Ce champ est obligatoire\"}},\"subject\":{\"required\":{\"value\":true,\"message\":\"Ce champ est obligatoire\"}},\"subject_1\":{\"required\":{\"value\":true,\"message\":\"Ce champ est obligatoire\"}},\"message\":{\"required\":{\"value\":true,\"message\":\"Ce champ est obligatoire\"}},\"g-recaptcha-response\":[]},\"debounce_time\":300};\n                    <\/script>\n        \n","protected":false},"excerpt":{"rendered":"<p>Demandez un devis gratuit et sans engagement pour le\u00a0b\u00e9ton d\u00e9sactiv\u00e9,\u00a0b\u00e9ton imprim\u00e9\u00a0et\u00a0sol industriel, b\u00e9ton bouchard\u00e9, b\u00e9ton liss\u00e9, b\u00e9ton drainant, b\u00e9ton matric\u00e9 et plus. T\u00e9l\u00e9phone:\u00a00752-516-911 Garantie d\u00e9cennale pour chaque projet. contact[@]artisanbeton.fr Applicateur agr\u00e9e Lafarge B\u00e9tons, R\u00e9seau Pro Artevia, Agence IDF! Applicateur agr\u00e9e Eqiom B\u00e9ton, R\u00e9seau Pro CSB SIRET: 81973068000025 Demandez un devis gratuit et sans engagement. Nous [&hellip;]<\/p>\n","protected":false},"author":1,"featured_media":0,"parent":0,"menu_order":0,"comment_status":"closed","ping_status":"closed","template":"","meta":{"site-sidebar-layout":"default","site-content-layout":"default","ast-site-content-layout":"","site-content-style":"default","site-sidebar-style":"default","ast-global-header-display":"","ast-banner-title-visibility":"","ast-main-header-display":"","ast-hfb-above-header-display":"","ast-hfb-below-header-display":"","ast-hfb-mobile-header-display":"","site-post-title":"","ast-breadcrumbs-content":"","ast-featured-img":"","footer-sml-layout":"","theme-transparent-header-meta":"","adv-header-id-meta":"","stick-header-meta":"","header-above-stick-meta":"","header-main-stick-meta":"","header-below-stick-meta":"","astra-migrate-meta-layouts":"default","ast-page-background-enabled":"default","ast-page-background-meta":{"desktop":{"background-color":"var(--ast-global-color-4)","background-image":"","background-repeat":"repeat","background-position":"center center","background-size":"auto","background-attachment":"scroll","background-type":"","background-media":"","overlay-type":"","overlay-color":"","overlay-opacity":"","overlay-gradient":""},"tablet":{"background-color":"","background-image":"","background-repeat":"repeat","background-position":"center center","background-size":"auto","background-attachment":"scroll","background-type":"","background-media":"","overlay-type":"","overlay-color":"","overlay-opacity":"","overlay-gradient":""},"mobile":{"background-color":"","background-image":"","background-repeat":"repeat","background-position":"center center","background-size":"auto","background-attachment":"scroll","background-type":"","background-media":"","overlay-type":"","overlay-color":"","overlay-opacity":"","overlay-gradient":""}},"ast-content-background-meta":{"desktop":{"background-color":"var(--ast-global-color-5)","background-image":"","background-repeat":"repeat","background-position":"center center","background-size":"auto","background-attachment":"scroll","background-type":"","background-media":"","overlay-type":"","overlay-color":"","overlay-opacity":"","overlay-gradient":""},"tablet":{"background-color":"var(--ast-global-color-5)","background-image":"","background-repeat":"repeat","background-position":"center center","background-size":"auto","background-attachment":"scroll","background-type":"","background-media":"","overlay-type":"","overlay-color":"","overlay-opacity":"","overlay-gradient":""},"mobile":{"background-color":"var(--ast-global-color-5)","background-image":"","background-repeat":"repeat","background-position":"center center","background-size":"auto","background-attachment":"scroll","background-type":"","background-media":"","overlay-type":"","overlay-color":"","overlay-opacity":"","overlay-gradient":""}},"footnotes":""},"class_list":["post-42","page","type-page","status-publish","hentry"],"yoast_head":"<!-- This site is optimized with the Yoast SEO plugin v25.0 - https:\/\/yoast.com\/wordpress\/plugins\/seo\/ -->\n<title>Contacter &#8226; Artisan B\u00e9ton<\/title>\n<meta name=\"robots\" content=\"index, follow, max-snippet:-1, max-image-preview:large, max-video-preview:-1\" \/>\n<link rel=\"canonical\" href=\"https:\/\/www.artisanbeton.fr\/blog\/contacter\/\" \/>\n<meta property=\"og:locale\" content=\"fr_FR\" \/>\n<meta property=\"og:type\" content=\"article\" \/>\n<meta property=\"og:title\" content=\"Contacter &#8226; Artisan B\u00e9ton\" \/>\n<meta property=\"og:description\" content=\"Demandez un devis gratuit et sans engagement pour le\u00a0b\u00e9ton d\u00e9sactiv\u00e9,\u00a0b\u00e9ton imprim\u00e9\u00a0et\u00a0sol industriel, b\u00e9ton bouchard\u00e9, b\u00e9ton liss\u00e9, b\u00e9ton drainant, b\u00e9ton matric\u00e9 et plus. T\u00e9l\u00e9phone:\u00a00752-516-911 Garantie d\u00e9cennale pour chaque projet. contact[@]artisanbeton.fr Applicateur agr\u00e9e Lafarge B\u00e9tons, R\u00e9seau Pro Artevia, Agence IDF! Applicateur agr\u00e9e Eqiom B\u00e9ton, R\u00e9seau Pro CSB SIRET: 81973068000025 Demandez un devis gratuit et sans engagement. Nous [&hellip;]\" \/>\n<meta property=\"og:url\" content=\"https:\/\/www.artisanbeton.fr\/blog\/contacter\/\" \/>\n<meta property=\"og:site_name\" content=\"Artisan B\u00e9ton\" \/>\n<meta property=\"article:modified_time\" content=\"2023-10-01T16:35:50+00:00\" \/>\n<meta property=\"og:image\" content=\"https:\/\/www.artisanbeton.fr\/blog\/wp-content\/uploads\/2025\/04\/ARTISAN-BETON.jpg\" \/>\n\t<meta property=\"og:image:width\" content=\"1200\" \/>\n\t<meta property=\"og:image:height\" content=\"675\" \/>\n\t<meta property=\"og:image:type\" content=\"image\/jpeg\" \/>\n<meta name=\"twitter:card\" content=\"summary_large_image\" \/>\n<script type=\"application\/ld+json\" class=\"yoast-schema-graph\">{\"@context\":\"https:\/\/schema.org\",\"@graph\":[{\"@type\":\"WebPage\",\"@id\":\"https:\/\/www.artisanbeton.fr\/blog\/contacter\/\",\"url\":\"https:\/\/www.artisanbeton.fr\/blog\/contacter\/\",\"name\":\"Contacter &#8226; Artisan B\u00e9ton\",\"isPartOf\":{\"@id\":\"https:\/\/www.artisanbeton.fr\/blog\/#website\"},\"datePublished\":\"2023-06-28T14:26:33+00:00\",\"dateModified\":\"2023-10-01T16:35:50+00:00\",\"breadcrumb\":{\"@id\":\"https:\/\/www.artisanbeton.fr\/blog\/contacter\/#breadcrumb\"},\"inLanguage\":\"fr-FR\",\"potentialAction\":[{\"@type\":\"ReadAction\",\"target\":[\"https:\/\/www.artisanbeton.fr\/blog\/contacter\/\"]}]},{\"@type\":\"BreadcrumbList\",\"@id\":\"https:\/\/www.artisanbeton.fr\/blog\/contacter\/#breadcrumb\",\"itemListElement\":[{\"@type\":\"ListItem\",\"position\":1,\"name\":\"Accueil\",\"item\":\"https:\/\/www.artisanbeton.fr\/blog\/\"},{\"@type\":\"ListItem\",\"position\":2,\"name\":\"Contacter\"}]},{\"@type\":\"WebSite\",\"@id\":\"https:\/\/www.artisanbeton.fr\/blog\/#website\",\"url\":\"https:\/\/www.artisanbeton.fr\/blog\/\",\"name\":\"Artisan B\u00e9ton\",\"description\":\"\",\"publisher\":{\"@id\":\"https:\/\/www.artisanbeton.fr\/blog\/#organization\"},\"potentialAction\":[{\"@type\":\"SearchAction\",\"target\":{\"@type\":\"EntryPoint\",\"urlTemplate\":\"https:\/\/www.artisanbeton.fr\/blog\/?s={search_term_string}\"},\"query-input\":{\"@type\":\"PropertyValueSpecification\",\"valueRequired\":true,\"valueName\":\"search_term_string\"}}],\"inLanguage\":\"fr-FR\"},{\"@type\":\"Organization\",\"@id\":\"https:\/\/www.artisanbeton.fr\/blog\/#organization\",\"name\":\"ARTISAN BETON\",\"alternateName\":\"ARTISAN BETON\",\"url\":\"https:\/\/www.artisanbeton.fr\/blog\/\",\"logo\":{\"@type\":\"ImageObject\",\"inLanguage\":\"fr-FR\",\"@id\":\"https:\/\/www.artisanbeton.fr\/blog\/#\/schema\/logo\/image\/\",\"url\":\"https:\/\/www.artisanbeton.fr\/blog\/wp-content\/uploads\/2022\/04\/artisan-beton.png\",\"contentUrl\":\"https:\/\/www.artisanbeton.fr\/blog\/wp-content\/uploads\/2022\/04\/artisan-beton.png\",\"width\":360,\"height\":120,\"caption\":\"ARTISAN BETON\"},\"image\":{\"@id\":\"https:\/\/www.artisanbeton.fr\/blog\/#\/schema\/logo\/image\/\"}}]}<\/script>\n<!-- \/ Yoast SEO plugin. -->","yoast_head_json":{"title":"Contacter &#8226; Artisan B\u00e9ton","robots":{"index":"index","follow":"follow","max-snippet":"max-snippet:-1","max-image-preview":"max-image-preview:large","max-video-preview":"max-video-preview:-1"},"canonical":"https:\/\/www.artisanbeton.fr\/blog\/contacter\/","og_locale":"fr_FR","og_type":"article","og_title":"Contacter &#8226; Artisan B\u00e9ton","og_description":"Demandez un devis gratuit et sans engagement pour le\u00a0b\u00e9ton d\u00e9sactiv\u00e9,\u00a0b\u00e9ton imprim\u00e9\u00a0et\u00a0sol industriel, b\u00e9ton bouchard\u00e9, b\u00e9ton liss\u00e9, b\u00e9ton drainant, b\u00e9ton matric\u00e9 et plus. T\u00e9l\u00e9phone:\u00a00752-516-911 Garantie d\u00e9cennale pour chaque projet. contact[@]artisanbeton.fr Applicateur agr\u00e9e Lafarge B\u00e9tons, R\u00e9seau Pro Artevia, Agence IDF! Applicateur agr\u00e9e Eqiom B\u00e9ton, R\u00e9seau Pro CSB SIRET: 81973068000025 Demandez un devis gratuit et sans engagement. Nous [&hellip;]","og_url":"https:\/\/www.artisanbeton.fr\/blog\/contacter\/","og_site_name":"Artisan B\u00e9ton","article_modified_time":"2023-10-01T16:35:50+00:00","og_image":[{"width":1200,"height":675,"url":"https:\/\/www.artisanbeton.fr\/blog\/wp-content\/uploads\/2025\/04\/ARTISAN-BETON.jpg","type":"image\/jpeg"}],"twitter_card":"summary_large_image","schema":{"@context":"https:\/\/schema.org","@graph":[{"@type":"WebPage","@id":"https:\/\/www.artisanbeton.fr\/blog\/contacter\/","url":"https:\/\/www.artisanbeton.fr\/blog\/contacter\/","name":"Contacter &#8226; Artisan B\u00e9ton","isPartOf":{"@id":"https:\/\/www.artisanbeton.fr\/blog\/#website"},"datePublished":"2023-06-28T14:26:33+00:00","dateModified":"2023-10-01T16:35:50+00:00","breadcrumb":{"@id":"https:\/\/www.artisanbeton.fr\/blog\/contacter\/#breadcrumb"},"inLanguage":"fr-FR","potentialAction":[{"@type":"ReadAction","target":["https:\/\/www.artisanbeton.fr\/blog\/contacter\/"]}]},{"@type":"BreadcrumbList","@id":"https:\/\/www.artisanbeton.fr\/blog\/contacter\/#breadcrumb","itemListElement":[{"@type":"ListItem","position":1,"name":"Accueil","item":"https:\/\/www.artisanbeton.fr\/blog\/"},{"@type":"ListItem","position":2,"name":"Contacter"}]},{"@type":"WebSite","@id":"https:\/\/www.artisanbeton.fr\/blog\/#website","url":"https:\/\/www.artisanbeton.fr\/blog\/","name":"Artisan B\u00e9ton","description":"","publisher":{"@id":"https:\/\/www.artisanbeton.fr\/blog\/#organization"},"potentialAction":[{"@type":"SearchAction","target":{"@type":"EntryPoint","urlTemplate":"https:\/\/www.artisanbeton.fr\/blog\/?s={search_term_string}"},"query-input":{"@type":"PropertyValueSpecification","valueRequired":true,"valueName":"search_term_string"}}],"inLanguage":"fr-FR"},{"@type":"Organization","@id":"https:\/\/www.artisanbeton.fr\/blog\/#organization","name":"ARTISAN BETON","alternateName":"ARTISAN BETON","url":"https:\/\/www.artisanbeton.fr\/blog\/","logo":{"@type":"ImageObject","inLanguage":"fr-FR","@id":"https:\/\/www.artisanbeton.fr\/blog\/#\/schema\/logo\/image\/","url":"https:\/\/www.artisanbeton.fr\/blog\/wp-content\/uploads\/2022\/04\/artisan-beton.png","contentUrl":"https:\/\/www.artisanbeton.fr\/blog\/wp-content\/uploads\/2022\/04\/artisan-beton.png","width":360,"height":120,"caption":"ARTISAN BETON"},"image":{"@id":"https:\/\/www.artisanbeton.fr\/blog\/#\/schema\/logo\/image\/"}}]}},"_links":{"self":[{"href":"https:\/\/www.artisanbeton.fr\/blog\/wp-json\/wp\/v2\/pages\/42","targetHints":{"allow":["GET"]}}],"collection":[{"href":"https:\/\/www.artisanbeton.fr\/blog\/wp-json\/wp\/v2\/pages"}],"about":[{"href":"https:\/\/www.artisanbeton.fr\/blog\/wp-json\/wp\/v2\/types\/page"}],"author":[{"embeddable":true,"href":"https:\/\/www.artisanbeton.fr\/blog\/wp-json\/wp\/v2\/users\/1"}],"replies":[{"embeddable":true,"href":"https:\/\/www.artisanbeton.fr\/blog\/wp-json\/wp\/v2\/comments?post=42"}],"version-history":[{"count":4,"href":"https:\/\/www.artisanbeton.fr\/blog\/wp-json\/wp\/v2\/pages\/42\/revisions"}],"predecessor-version":[{"id":99,"href":"https:\/\/www.artisanbeton.fr\/blog\/wp-json\/wp\/v2\/pages\/42\/revisions\/99"}],"wp:attachment":[{"href":"https:\/\/www.artisanbeton.fr\/blog\/wp-json\/wp\/v2\/media?parent=42"}],"curies":[{"name":"wp","href":"https:\/\/api.w.org\/{rel}","templated":true}]}}